{"id":14,"date":"2015-01-05T10:17:04","date_gmt":"2015-01-05T10:17:04","guid":{"rendered":"http:\/\/tamadia.com\/?page_id=14"},"modified":"2015-01-05T10:17:36","modified_gmt":"2015-01-05T10:17:36","slug":"colours-color-et-the-hopeless-penguin","status":"publish","type":"page","link":"http:\/\/tamadia.com\/?page_id=14","title":{"rendered":"Colours color et The Hopeless penguin"},"content":{"rendered":"<p>Deux pi\u00e8ces respectivement de 5 et 7 danseurs venant de l\u2019inde, le Congo, la Malaisie, la Cor\u00e9e du sud et le Burkina, cr\u00e9\u00e9es a l\u2019occasion de la r\u00e9sidence de C.P.I (Cultural Partnership Initiative) sous la commande de SIDance Festival et sous la direction du Minist\u00e8re Sud-cor\u00e9en de la culture et du tourisme.<\/p>\n","protected":false},"excerpt":{"rendered":"<p>Deux pi\u00e8ces respectivement de 5 et 7 danseurs venant de l\u2019inde, le Congo, la Malaisie, la Cor\u00e9e du sud et le Burkina, cr\u00e9\u00e9es a l\u2019occasion de la r\u00e9sidence de C.P.I (Cultural Partnership Initiative) sous la commande de SIDance Festival et sous la direction du Minist\u00e8re Sud-cor\u00e9en de la culture et du tourisme.<\/p>\n","protected":false},"author":1,"featured_media":0,"parent":12,"menu_order":0,"comment_status":"open","ping_status":"open","template":"","meta":{"_et_pb_use_builder":"","_et_pb_old_content":"","_et_gb_content_width":""},"_links":{"self":[{"href":"http:\/\/tamadia.com\/index.php?rest_route=\/wp\/v2\/pages\/14"}],"collection":[{"href":"http:\/\/tamadia.com\/index.php?rest_route=\/wp\/v2\/pages"}],"about":[{"href":"http:\/\/tamadia.com\/index.php?rest_route=\/wp\/v2\/types\/page"}],"author":[{"embeddable":true,"href":"http:\/\/tamadia.com\/index.php?rest_route=\/wp\/v2\/users\/1"}],"replies":[{"embeddable":true,"href":"http:\/\/tamadia.com\/index.php?rest_route=%2Fwp%2Fv2%2Fcomments&post=14"}],"version-history":[{"count":2,"href":"http:\/\/tamadia.com\/index.php?rest_route=\/wp\/v2\/pages\/14\/revisions"}],"predecessor-version":[{"id":16,"href":"http:\/\/tamadia.com\/index.php?rest_route=\/wp\/v2\/pages\/14\/revisions\/16"}],"up":[{"embeddable":true,"href":"http:\/\/tamadia.com\/index.php?rest_route=\/wp\/v2\/pages\/12"}],"wp:attachment":[{"href":"http:\/\/tamadia.com\/index.php?rest_route=%2Fwp%2Fv2%2Fmedia&parent=14"}],"curies":[{"name":"wp","href":"https:\/\/api.w.org\/{rel}","templated":true}]}}