{"id":17,"date":"2015-01-05T10:18:37","date_gmt":"2015-01-05T10:18:37","guid":{"rendered":"http:\/\/tamadia.com\/?page_id=17"},"modified":"2015-01-05T10:18:37","modified_gmt":"2015-01-05T10:18:37","slug":"anhumanus","status":"publish","type":"page","link":"http:\/\/tamadia.com\/?page_id=17","title":{"rendered":"Anhumanus"},"content":{"rendered":"<p>Pi\u00e8ce pour 4 danseurs s\u00e9lectionn\u00e9e pour les phases finales des rencontres chor\u00e9graphiques de l\u2019Afrique et de l\u2019Oc\u00e9an Indien \u2013 Danse l\u2019Afrique danse &#8211; Bamako 2010<\/p>\n","protected":false},"excerpt":{"rendered":"<p>Pi\u00e8ce pour 4 danseurs s\u00e9lectionn\u00e9e pour les phases finales des rencontres chor\u00e9graphiques de l\u2019Afrique et de l\u2019Oc\u00e9an Indien \u2013 Danse l\u2019Afrique danse &#8211; Bamako 2010<\/p>\n","protected":false},"author":1,"featured_media":0,"parent":12,"menu_order":0,"comment_status":"open","ping_status":"open","template":"","meta":{"_et_pb_use_builder":"","_et_pb_old_content":"","_et_gb_content_width":""},"_links":{"self":[{"href":"http:\/\/tamadia.com\/index.php?rest_route=\/wp\/v2\/pages\/17"}],"collection":[{"href":"http:\/\/tamadia.com\/index.php?rest_route=\/wp\/v2\/pages"}],"about":[{"href":"http:\/\/tamadia.com\/index.php?rest_route=\/wp\/v2\/types\/page"}],"author":[{"embeddable":true,"href":"http:\/\/tamadia.com\/index.php?rest_route=\/wp\/v2\/users\/1"}],"replies":[{"embeddable":true,"href":"http:\/\/tamadia.com\/index.php?rest_route=%2Fwp%2Fv2%2Fcomments&post=17"}],"version-history":[{"count":2,"href":"http:\/\/tamadia.com\/index.php?rest_route=\/wp\/v2\/pages\/17\/revisions"}],"predecessor-version":[{"id":19,"href":"http:\/\/tamadia.com\/index.php?rest_route=\/wp\/v2\/pages\/17\/revisions\/19"}],"up":[{"embeddable":true,"href":"http:\/\/tamadia.com\/index.php?rest_route=\/wp\/v2\/pages\/12"}],"wp:attachment":[{"href":"http:\/\/tamadia.com\/index.php?rest_route=%2Fwp%2Fv2%2Fmedia&parent=17"}],"curies":[{"name":"wp","href":"https:\/\/api.w.org\/{rel}","templated":true}]}}