{"id":179,"date":"2015-01-12T17:13:43","date_gmt":"2015-01-12T17:13:43","guid":{"rendered":"http:\/\/tamadia.com\/?page_id=179"},"modified":"2015-01-14T21:39:17","modified_gmt":"2015-01-14T21:39:17","slug":"biographie","status":"publish","type":"page","link":"http:\/\/tamadia.com\/?page_id=179","title":{"rendered":"Biographie"},"content":{"rendered":"<p>[et_pb_section fullwidth=\u00a0\u00bbon\u00a0\u00bb specialty=\u00a0\u00bboff\u00a0\u00bb transparent_background=\u00a0\u00bboff\u00a0\u00bb background_color=\u00a0\u00bb#f65b08&Prime; inner_shadow=\u00a0\u00bboff\u00a0\u00bb parallax=\u00a0\u00bboff\u00a0\u00bb parallax_method=\u00a0\u00bboff\u00a0\u00bb][et_pb_fullwidth_header admin_label=\u00a0\u00bbFullwidth Header\u00a0\u00bb title=\u00a0\u00bbBiographie du Directeur Artistique\u00a0\u00bb subhead=\u00a0\u00bbAguibou Bougobali SANOU\u00a0\u00bb background_layout=\u00a0\u00bbdark\u00a0\u00bb text_orientation=\u00a0\u00bbleft\u00a0\u00bb \/][\/et_pb_section][et_pb_section transparent_background=\u00a0\u00bboff\u00a0\u00bb background_color=\u00a0\u00bb#000000&Prime; inner_shadow=\u00a0\u00bboff\u00a0\u00bb parallax=\u00a0\u00bboff\u00a0\u00bb parallax_method=\u00a0\u00bboff\u00a0\u00bb][et_pb_row][et_pb_column type=\u00a0\u00bb1_3&Prime;][et_pb_text admin_label=\u00a0\u00bbText\u00a0\u00bb background_layout=\u00a0\u00bbdark\u00a0\u00bb text_orientation=\u00a0\u00bbleft\u00a0\u00bb]<\/p>\n<h2 style=\"text-align: left;\">Aguibou Bougobali SANOU<\/h2>\n<p style=\"text-align: justify;\">Assistant du chor\u00e9graphe Salia SANOU pour les c\u00e9r\u00e9monies d\u2019ouverture et de cl\u00f4ture du festival panafricain du cin\u00e9ma de Ouagadougou \u2013 FESPACO en 2011<\/p>\n<p style=\"text-align: justify;\">En\u00a0<strong>2010<\/strong>\u00a0participe aux concours \u00ab\u00a0Danse l\u2019Afrique danse\u00a0\u00bb avec Anhumanus<\/p>\n<p style=\"text-align: justify;\"><strong>Aguibou dit Bougobali SANOU<\/strong>\u00a0est n\u00e9 dans une tr\u00e8s grande famille d\u2019artistes du Burkina via le Mali et la C\u00f4te d\u2019Ivoire et s\u2019est vite lanc\u00e9 dans la danse africaine et moderne tr\u00e8s jeune, et apr\u00e8s ses \u00a0\u00e9tudes en Communication, Administration et Informatique<\/p>\n<p style=\"text-align: justify;\">Apr\u00e8s trois ans d\u2019\u00e9cole de th\u00e9\u00e2tre sur la technique de\u00a0<strong>Jacques Lecoq<\/strong>\u00a0avec le professeur\u00a0<strong>Luca G.M Fusi (Italie)<\/strong>\u00a0et une initiation en capoeira avec\u00a0<strong>Mestre Paulo Boa Vida (Br\u00e9sil)<\/strong>. Il d\u00e9couvre en 2005 la danse contemporaine \u00e0 l\u2019institut fran\u00e7ais Henri Matisse de Bobo, avec\u00a0<strong>Salia SANOU et Ouss\u00e9ni SAKO (Cie Salia ni Seydou)<\/strong>\u00a0et enchaine des formations au CDC-La termiti\u00e8re de Ouagadougou, au Centre Nationale de Danse \u00e0 Paris et au National Th\u00e9\u00e2tre of Seoul en Cor\u00e9e du Sud aupr\u00e8s d\u2019autres chor\u00e9graphes tels que\u00a0:\u00a0<strong>Carolyn CARLSON, R\u00e9gine CHOPINOT, Thierry de MEY, Mat VOORTER, Mark TOMPKINS, Vincent MANTSOE,<\/strong>\u00a0<strong>Martin GRAVITZ, Sidi GRAOUI<\/strong>,\u00a0<strong>Taesang LEE&#8230;\u00a0<\/strong>\u00a0Suite auxquels il d\u00e9cide de suivre le m\u00eame chemin que ses a\u00een\u00e9s qui lui ont enseign\u00e9 les 1ers pas de ce style d\u2019expression en cr\u00e9ant et\/ou en interpr\u00e9tant les pi\u00e8ces telles que :<\/p>\n<ul style=\"text-align: justify;\">\n<li><span style=\"color: #f65b08;\"><strong>Errance<\/strong><\/span>, cr\u00e9\u00e9e en 2013, M\u00e9daille de Bronze aux 7emes\u00a0 jeux de la francophonie \u2013 Nice 2013<\/li>\n<li><span style=\"color: #f65b08;\"><strong>Kounfetaga<\/strong><\/span>, cr\u00e9e en 2013 \u00e0 Bangalore (Inde) lors de FACETS World Choreographer Residency<\/li>\n<li><span style=\"color: #f65b08;\"><strong>Mars \/ juin 2012 au CND<\/strong>\u00a0<\/span>de Paris formation professionnelle et recherche autour de l\u2019errance, la peine de mort\u00a0\\ 1ere \u00e9tape de Kounfetaga<\/li>\n<li><span style=\"color: #f65b08;\"><strong>Anhumanus<\/strong><\/span>\u00a0cr\u00e9\u00e9e en 2010 au Burkina Faso (Chor\u00e9graphe \u2013 Interpr\u00e8te)<\/li>\n<li><span style=\"color: #f65b08;\"><strong>Color Coulor<\/strong><\/span>, cr\u00e9\u00e9e en 2009 \u00e0 Seoul (Cor\u00e9e du Sud) \u2013 Chor\u00e9graphe &#8211; Interpr\u00e8te<\/li>\n<li><span style=\"color: #f65b08;\"><strong>The Hopeless Penguin<\/strong><\/span>, cr\u00e9\u00e9e en 2009 \u00e0 Seoul (Cor\u00e9e du Sud) &#8211; Interpr\u00e8te<\/li>\n<li><span style=\"color: #f65b08;\"><strong>Signes et Sens<\/strong><\/span>, cr\u00e9\u00e9e en 2008 au Maroc \u2013 Chor\u00e9graphe &#8211; Interpr\u00e8te<\/li>\n<li><span style=\"color: #f65b08;\"><strong>Laada<\/strong><\/span>, cr\u00e9\u00e9e en 2006, au Burkina Faso \u2013 Chor\u00e9graphe- Interpr\u00e8te<\/li>\n<\/ul>\n<p style=\"text-align: justify;\"><strong>Avec une carri\u00e8re parall\u00e8le d\u2019acteur de cin\u00e9ma et de conteur.<\/strong><\/p>\n<p>[\/et_pb_text][\/et_pb_column][et_pb_column type=\u00a0\u00bb1_3&Prime;][et_pb_image admin_label=\u00a0\u00bbImage\u00a0\u00bb src=\u00a0\u00bbhttp:\/\/tamadia.com\/wp-content\/uploads\/2015\/01\/1234.jpg\u00a0\u00bb show_in_lightbox=\u00a0\u00bboff\u00a0\u00bb url_new_window=\u00a0\u00bboff\u00a0\u00bb animation=\u00a0\u00bbleft\u00a0\u00bb sticky=\u00a0\u00bboff\u00a0\u00bb \/][et_pb_image admin_label=\u00a0\u00bbImage\u00a0\u00bb src=\u00a0\u00bbhttp:\/\/tamadia.com\/wp-content\/uploads\/2015\/01\/boubb.jpg\u00a0\u00bb show_in_lightbox=\u00a0\u00bboff\u00a0\u00bb url_new_window=\u00a0\u00bboff\u00a0\u00bb animation=\u00a0\u00bbleft\u00a0\u00bb sticky=\u00a0\u00bboff\u00a0\u00bb \/][et_pb_image admin_label=\u00a0\u00bbImage\u00a0\u00bb src=\u00a0\u00bbhttp:\/\/tamadia.com\/wp-content\/uploads\/2015\/01\/418_1047052903411_8771_n.jpg\u00a0\u00bb show_in_lightbox=\u00a0\u00bboff\u00a0\u00bb url_new_window=\u00a0\u00bboff\u00a0\u00bb animation=\u00a0\u00bbleft\u00a0\u00bb sticky=\u00a0\u00bboff\u00a0\u00bb \/][\/et_pb_column][et_pb_column type=\u00a0\u00bb1_3&Prime;][et_pb_text admin_label=\u00a0\u00bbText\u00a0\u00bb background_layout=\u00a0\u00bbdark\u00a0\u00bb text_orientation=\u00a0\u00bbleft\u00a0\u00bb]<\/p>\n<h2 style=\"text-align: left;\">Aguibou Bougobali SANOU<\/h2>\n<p style=\"text-align: justify;\">Assistant choreographer Salia Sanou for the opening and closing ceremonies of the Pan-African Festival of Ouagadougou film &#8211; FESPACO in 2011<\/p>\n<p style=\"text-align: justify;\">In\u00a0<strong>2010<\/strong>\u00a0participates in \u00ab\u00a0Dance Africa Dance\u00a0\u00bb contest with Anhumanus<\/p>\n<p style=\"text-align: justify;\"><strong>Aguibou said Bougobali SANOU<\/strong> was born into a very large family of artists from Burkina via Mali and\u00a0the Ivory Coast and rapidly began in African dance and modern very young, and after his studies in\u00a0Communication, Administration and Computing<\/p>\n<p style=\"text-align: justify;\">After three years of drama school on the technique of <strong>Jacques Lecoq<\/strong> with Professor <strong>Luca Fusi GM (Italy)<\/strong> and an introduction to Capoeira with <strong>Mestre Boa VidaPaulo (Brazil)<\/strong>. In 2005 he discovered modern dance at the French Institute of Henri\u00a0Matisse Bobo, with <strong>Salia Sanou and Ouss\u00e9ni SAKO (Cie Salia ni Seydou)<\/strong> training and\u00a0chained to the CDC-The mound of Ouagadougou, the Centre National de Danse in Paris\u00a0and National Theatre of Seoul in South Korea from other choreographers such as : <strong>Carolyn\u00a0CARLSON, R\u00e9gine CHOPINOT, Thierry de MEY, Mat VOORTER, Mark\u00a0TOMPKINS, Vincent MANTSOE, Martin GRAVITZ, Sidi GRAOUI, Taesang LEE,\u00a0Alexandre De La Caffiniere.<\/strong><\/p>\n<p style=\"text-align: justify;\">He also acted in African movies like \u201cOuaga Saga\u201d, realized by Dani KOUYATE in which he had the\u00a0main role. In 2008, he undertook a personal approach in order to tell about his initiation as a young\u00a0African dancer through a solo called \u201cLaada\u201d. It combines both dance and storytelling.<\/p>\n<p style=\"text-align: justify;\">His pieces as Dancer or\/and Choreographer:<\/p>\n<ul style=\"text-align: justify;\">\n<li>2013 : <span style=\"color: #ff6600;\"><strong>Errance<\/strong><\/span> (Won Bronze Medal \u2013 francophony game \u2013 Nice \u2013 France 2013)<\/li>\n<li>Dec \u2013 feb 2013 :\u00a0<strong><span style=\"color: #ff6600;\">Kounfetaga<\/span>,\u00a0<\/strong>One of the facets world 16 young choreographers in residency at\u00a0Attakkalari &#8211; India<\/li>\n<li><strong><span style=\"color: #ff6600;\">March \/ June 2012 in Paris<\/span><\/strong> at the CND training and research around wandering and death penalty.1st<br \/>\nStage of Kounfetaga<\/li>\n<li><strong><span style=\"color: #ff6600;\">Anhumanus<\/span> <\/strong>created in 2010 in Burkina Faso (Choreographer &#8211; Actor)<\/li>\n<li><strong><span style=\"color: #ff6600;\">Color Tunic<\/span><\/strong>, created in 2009 in Seoul (South Korea) &#8211; Choreographer \u2013 Actor<\/li>\n<li><strong><span style=\"color: #ff6600;\">The Hopeless Penguin<\/span><\/strong>, founded in 2009 in Seoul (South Korea) \u2013 Actor<\/li>\n<li><strong><span style=\"color: #ff6600;\">Sense and Signs<\/span><\/strong>, founded in 2008 in Morocco &#8211; Choreographer \u2013 Actor<\/li>\n<li><strong><span style=\"color: #ff6600;\">Laada<\/span><\/strong>, founded in 2006, Burkina Faso &#8211; Choreographer-Performer<\/li>\n<\/ul>\n<p>[\/et_pb_text][\/et_pb_column][\/et_pb_row][\/et_pb_section]<\/p>\n","protected":false},"excerpt":{"rendered":"<p><div class=\"et_pb_row et_pb_row_0 et_pb_row_empty\">\n\t\t\t\t\n\t\t\t\t\n\t\t\t\t\n\t\t\t\t\n\t\t\t\t\n\t\t\t<\/div> Aguibou Bougobali SANOU Assistant du chor\u00e9graphe Salia SANOU pour les c\u00e9r\u00e9monies d\u2019ouverture et de cl\u00f4ture du festival panafricain du cin\u00e9ma de Ouagadougou \u2013 FESPACO en 2011 En\u00a02010\u00a0participe aux concours \u00ab\u00a0Danse l\u2019Afrique danse\u00a0\u00bb avec Anhumanus Aguibou dit Bougobali SANOU\u00a0est n\u00e9 dans une tr\u00e8s grande famille d\u2019artistes du Burkina via le Mali et la C\u00f4te d\u2019Ivoire [&hellip;]<\/p>\n","protected":false},"author":1,"featured_media":0,"parent":0,"menu_order":0,"comment_status":"open","ping_status":"open","template":"","meta":{"_et_pb_use_builder":"on","_et_pb_old_content":"<h2>Aguibou \u00a0Bougobali SANOU<\/h2><p>Assistant du chor\u00e9graphe Salia SANOU pour les c\u00e9r\u00e9monies d\u2019ouverture et de cl\u00f4ture du festival panafricain du cin\u00e9ma de Ouagadougou \u2013 FESPACO en 2011<\/p><p>En\u00a0<strong>2010<\/strong>\u00a0participe aux concours \u00ab\u00a0Danse l\u2019Afrique danse\u00a0\u00bb avec Anhumanus<\/p><p><strong>Aguibou dit Bougobali SANOU<\/strong>\u00a0est n\u00e9 dans une tr\u00e8s grande famille d\u2019artistes du Burkina via le Mali et la C\u00f4te d\u2019Ivoire et s\u2019est vite lanc\u00e9 dans la danse africaine et moderne tr\u00e8s jeune, et apr\u00e8s ses \u00a0\u00e9tudes en Communication, Administration et Informatique<\/p><p>Apr\u00e8s trois ans d\u2019\u00e9cole de th\u00e9\u00e2tre sur la technique de\u00a0<strong>Jacques Lecoq<\/strong>\u00a0avec le professeur\u00a0<strong>Luca G.M Fusi (Italie)<\/strong>\u00a0et une initiation en capoeira avec\u00a0<strong>Mestre Paulo Boa Vida (Br\u00e9sil)<\/strong>. Il d\u00e9couvre en 2005 la danse contemporaine \u00e0 l\u2019institut fran\u00e7ais Henri Matisse de Bobo, avec\u00a0<strong>Salia SANOU et Ouss\u00e9ni SAKO (Cie Salia ni Seydou)<\/strong>\u00a0et enchaine des formations au CDC-La termiti\u00e8re de Ouagadougou, au Centre Nationale de Danse \u00e0 Paris et au National Th\u00e9\u00e2tre of Seoul en Cor\u00e9e du Sud aupr\u00e8s d\u2019autres chor\u00e9graphes tels que\u00a0:\u00a0<strong>Carolyn CARLSON, R\u00e9gine CHOPINOT, Thierry de MEY, Mat VOORTER, Mark TOMPKINS, Vincent MANTSOE,<\/strong>\u00a0<strong>Martin GRAVITZ, Sidi GRAOUI<\/strong>,\u00a0<strong>Taesang LEE...\u00a0<\/strong>\u00a0Suite auxquels il d\u00e9cide de suivre le m\u00eame chemin que ses a\u00een\u00e9s qui lui ont enseign\u00e9 les 1ers pas de ce style d\u2019expression en cr\u00e9ant et\/ou en interpr\u00e9tant les pi\u00e8ces telles que :<\/p><ul><li><strong>Errance<\/strong>, cr\u00e9\u00e9e en 2013, M\u00e9daille de Bronze aux 7emes\u00a0 jeux de la francophonie \u2013 Nice 2013<\/li><li><strong>Kounfetaga<\/strong>, cr\u00e9e en 2013 \u00e0 Bangalore (Inde) lors de FACETS World Choreographer Residency<\/li><li><strong>Mars \/ juin 2012 au CND<\/strong>\u00a0de Paris formation professionnelle et recherche autour de l\u2019errance, la peine de mort\u00a0\\ 1ere \u00e9tape de Kounfetaga<\/li><li><strong>Anhumanus<\/strong>\u00a0cr\u00e9\u00e9e en 2010 au Burkina Faso (Chor\u00e9graphe \u2013 Interpr\u00e8te)<\/li><li><strong>Color Coulor<\/strong>, cr\u00e9\u00e9e en 2009 \u00e0 Seoul (Cor\u00e9e du Sud) \u2013 Chor\u00e9graphe - Interpr\u00e8te<\/li><li><strong>The Hopeless Penguin<\/strong>, cr\u00e9\u00e9e en 2009 \u00e0 Seoul (Cor\u00e9e du Sud) - Interpr\u00e8te<\/li><li><strong>Signes et Sens<\/strong>, cr\u00e9\u00e9e en 2008 au Maroc \u2013 Chor\u00e9graphe - Interpr\u00e8te<\/li><li><strong>Laada<\/strong>, cr\u00e9\u00e9e en 2006, au Burkina Faso \u2013 Chor\u00e9graphe- Interpr\u00e8te<\/li><\/ul><p>\u00a0<\/p><p>Avec une carri\u00e8re parall\u00e8le d\u2019acteur de cin\u00e9ma et de conteur.<\/p>","_et_gb_content_width":""},"_links":{"self":[{"href":"http:\/\/tamadia.com\/index.php?rest_route=\/wp\/v2\/pages\/179"}],"collection":[{"href":"http:\/\/tamadia.com\/index.php?rest_route=\/wp\/v2\/pages"}],"about":[{"href":"http:\/\/tamadia.com\/index.php?rest_route=\/wp\/v2\/types\/page"}],"author":[{"embeddable":true,"href":"http:\/\/tamadia.com\/index.php?rest_route=\/wp\/v2\/users\/1"}],"replies":[{"embeddable":true,"href":"http:\/\/tamadia.com\/index.php?rest_route=%2Fwp%2Fv2%2Fcomments&post=179"}],"version-history":[{"count":18,"href":"http:\/\/tamadia.com\/index.php?rest_route=\/wp\/v2\/pages\/179\/revisions"}],"predecessor-version":[{"id":359,"href":"http:\/\/tamadia.com\/index.php?rest_route=\/wp\/v2\/pages\/179\/revisions\/359"}],"wp:attachment":[{"href":"http:\/\/tamadia.com\/index.php?rest_route=%2Fwp%2Fv2%2Fmedia&parent=179"}],"curies":[{"name":"wp","href":"https:\/\/api.w.org\/{rel}","templated":true}]}}