{"id":20,"date":"2015-01-05T10:19:45","date_gmt":"2015-01-05T10:19:45","guid":{"rendered":"http:\/\/tamadia.com\/?page_id=20"},"modified":"2015-01-05T10:20:27","modified_gmt":"2015-01-05T10:20:27","slug":"sidance","status":"publish","type":"page","link":"http:\/\/tamadia.com\/?page_id=20","title":{"rendered":"SiDance"},"content":{"rendered":"<p>FestivalSous la commande du plus important festival de danse de l\u2019Asie ; et sous la direction des Minist\u00e8re Sud-Cor\u00e9en de la culture et tourisme et du minist\u00e8re des affaires \u00e9trang\u00e8res, Djandjo est un solo cr\u00e9\u00e9 et jou\u00e9 a Seoul<\/p>\n","protected":false},"excerpt":{"rendered":"<p>FestivalSous la commande du plus important festival de danse de l\u2019Asie ; et sous la direction des Minist\u00e8re Sud-Cor\u00e9en de la culture et tourisme et du minist\u00e8re des affaires \u00e9trang\u00e8res, Djandjo est un solo cr\u00e9\u00e9 et jou\u00e9 a Seoul<\/p>\n","protected":false},"author":1,"featured_media":0,"parent":12,"menu_order":0,"comment_status":"open","ping_status":"open","template":"","meta":{"_et_pb_use_builder":"","_et_pb_old_content":"","_et_gb_content_width":""},"_links":{"self":[{"href":"http:\/\/tamadia.com\/index.php?rest_route=\/wp\/v2\/pages\/20"}],"collection":[{"href":"http:\/\/tamadia.com\/index.php?rest_route=\/wp\/v2\/pages"}],"about":[{"href":"http:\/\/tamadia.com\/index.php?rest_route=\/wp\/v2\/types\/page"}],"author":[{"embeddable":true,"href":"http:\/\/tamadia.com\/index.php?rest_route=\/wp\/v2\/users\/1"}],"replies":[{"embeddable":true,"href":"http:\/\/tamadia.com\/index.php?rest_route=%2Fwp%2Fv2%2Fcomments&post=20"}],"version-history":[{"count":1,"href":"http:\/\/tamadia.com\/index.php?rest_route=\/wp\/v2\/pages\/20\/revisions"}],"predecessor-version":[{"id":21,"href":"http:\/\/tamadia.com\/index.php?rest_route=\/wp\/v2\/pages\/20\/revisions\/21"}],"up":[{"embeddable":true,"href":"http:\/\/tamadia.com\/index.php?rest_route=\/wp\/v2\/pages\/12"}],"wp:attachment":[{"href":"http:\/\/tamadia.com\/index.php?rest_route=%2Fwp%2Fv2%2Fmedia&parent=20"}],"curies":[{"name":"wp","href":"https:\/\/api.w.org\/{rel}","templated":true}]}}