{"id":22,"date":"2015-01-05T10:20:48","date_gmt":"2015-01-05T10:20:48","guid":{"rendered":"http:\/\/tamadia.com\/?page_id=22"},"modified":"2015-01-05T10:20:57","modified_gmt":"2015-01-05T10:20:57","slug":"kounfetaga","status":"publish","type":"page","link":"http:\/\/tamadia.com\/?page_id=22","title":{"rendered":"Kounfetaga,"},"content":{"rendered":"<p style=\"text-align: justify;\">Solo cr\u00e9\u00e9 \u00e0 Bangalore (Inde) dans le cadre de \u00a0Facets World Choreographers Residency et la premi\u00e8re est pr\u00e9sent\u00e9e \u00a0aAttakkalari Bienniale 2013, le plus grand festival de danse de l\u2019Asie de Sud.<\/p>\n","protected":false},"excerpt":{"rendered":"<p>Solo cr\u00e9\u00e9 \u00e0 Bangalore (Inde) dans le cadre de \u00a0Facets World Choreographers Residency et la premi\u00e8re est pr\u00e9sent\u00e9e \u00a0aAttakkalari Bienniale 2013, le plus grand festival de danse de l\u2019Asie de Sud.<\/p>\n","protected":false},"author":1,"featured_media":0,"parent":12,"menu_order":0,"comment_status":"open","ping_status":"open","template":"","meta":{"_et_pb_use_builder":"","_et_pb_old_content":"","_et_gb_content_width":""},"_links":{"self":[{"href":"http:\/\/tamadia.com\/index.php?rest_route=\/wp\/v2\/pages\/22"}],"collection":[{"href":"http:\/\/tamadia.com\/index.php?rest_route=\/wp\/v2\/pages"}],"about":[{"href":"http:\/\/tamadia.com\/index.php?rest_route=\/wp\/v2\/types\/page"}],"author":[{"embeddable":true,"href":"http:\/\/tamadia.com\/index.php?rest_route=\/wp\/v2\/users\/1"}],"replies":[{"embeddable":true,"href":"http:\/\/tamadia.com\/index.php?rest_route=%2Fwp%2Fv2%2Fcomments&post=22"}],"version-history":[{"count":2,"href":"http:\/\/tamadia.com\/index.php?rest_route=\/wp\/v2\/pages\/22\/revisions"}],"predecessor-version":[{"id":24,"href":"http:\/\/tamadia.com\/index.php?rest_route=\/wp\/v2\/pages\/22\/revisions\/24"}],"up":[{"embeddable":true,"href":"http:\/\/tamadia.com\/index.php?rest_route=\/wp\/v2\/pages\/12"}],"wp:attachment":[{"href":"http:\/\/tamadia.com\/index.php?rest_route=%2Fwp%2Fv2%2Fmedia&parent=22"}],"curies":[{"name":"wp","href":"https:\/\/api.w.org\/{rel}","templated":true}]}}