{"id":7,"date":"2015-01-05T10:13:02","date_gmt":"2015-01-05T10:13:02","guid":{"rendered":"http:\/\/tamadia.com\/?page_id=7"},"modified":"2015-01-14T21:41:15","modified_gmt":"2015-01-14T21:41:15","slug":"la-compagnie","status":"publish","type":"page","link":"http:\/\/tamadia.com\/?page_id=7","title":{"rendered":"La Compagnie"},"content":{"rendered":"<p>[et_pb_section fullwidth=\u00a0\u00bbon\u00a0\u00bb specialty=\u00a0\u00bboff\u00a0\u00bb transparent_background=\u00a0\u00bboff\u00a0\u00bb background_color=\u00a0\u00bb#f65b08&Prime; inner_shadow=\u00a0\u00bboff\u00a0\u00bb parallax=\u00a0\u00bboff\u00a0\u00bb parallax_method=\u00a0\u00bboff\u00a0\u00bb][et_pb_fullwidth_header admin_label=\u00a0\u00bbFullwidth Header\u00a0\u00bb title=\u00a0\u00bbLa compagnie\u00a0\u00bb background_layout=\u00a0\u00bbdark\u00a0\u00bb text_orientation=\u00a0\u00bbleft\u00a0\u00bb subhead=\u00a0\u00bbPr\u00e9sentation\u00a0\u00bb \/][\/et_pb_section][et_pb_section transparent_background=\u00a0\u00bboff\u00a0\u00bb background_color=\u00a0\u00bb#000000&Prime; inner_shadow=\u00a0\u00bboff\u00a0\u00bb parallax=\u00a0\u00bboff\u00a0\u00bb parallax_method=\u00a0\u00bboff\u00a0\u00bb][et_pb_row][et_pb_column type=\u00a0\u00bb1_3&Prime;][et_pb_image admin_label=\u00a0\u00bbImage\u00a0\u00bb src=\u00a0\u00bbhttp:\/\/tamadia.com\/wp-content\/uploads\/2015\/01\/Compagnie.jpg\u00a0\u00bb show_in_lightbox=\u00a0\u00bboff\u00a0\u00bb url_new_window=\u00a0\u00bboff\u00a0\u00bb animation=\u00a0\u00bbleft\u00a0\u00bb sticky=\u00a0\u00bboff\u00a0\u00bb \/][et_pb_image admin_label=\u00a0\u00bbImage\u00a0\u00bb src=\u00a0\u00bbhttp:\/\/tamadia.com\/wp-content\/uploads\/2015\/01\/b232.jpg\u00a0\u00bb show_in_lightbox=\u00a0\u00bboff\u00a0\u00bb url_new_window=\u00a0\u00bboff\u00a0\u00bb animation=\u00a0\u00bbleft\u00a0\u00bb sticky=\u00a0\u00bboff\u00a0\u00bb \/][\/et_pb_column][et_pb_column type=\u00a0\u00bb2_3&Prime;][et_pb_text admin_label=\u00a0\u00bbText\u00a0\u00bb background_layout=\u00a0\u00bbdark\u00a0\u00bb text_orientation=\u00a0\u00bbleft\u00a0\u00bb]<\/p>\n<p style=\"text-align: justify;\"><span style=\"color: #f65b08;\">Contrairement \u00e0 la conviction de certains \u00e9conomistes qui voient en la culture un domaine budg\u00e9tivore sans port\u00e9e r\u00e9elle dans le d\u00e9veloppement d\u2019un pays, il est difficile de d\u00e9finir un plan de\u00a0d\u00e9veloppement qui ne prendrait gu\u00e8re en compte la dimension culturelle et artistique. C\u2019est ce credo\u00a0qui constitue le fondement de la cr\u00e9ation de la Compagnie Tamadia en avril 2006.<\/span><\/p>\n<p style=\"text-align: justify;\">Bas\u00e9e \u00e0 Bobo-Dioulasso, deuxi\u00e8me ville du Burkina Faso, la compagnie rassemble quatre\u00a0artistes permanents, \u00e0 savoir Aguibou Bougobali SANOU (Danseur \/Chor\u00e9graphe), Aminata SANOU\u00a0(Danseuse\/Com\u00e9dienne), Moussa SANOU (Musicien) et Domba SANOU (Musicien), ainsi que dix\u00a0danseurs, conteurs et musiciens non permanents.<\/p>\n<p style=\"text-align: justify;\">Premi\u00e8re compagnie au Burkina Faso \u00e0 dispenser une danse inspir\u00e9e de la Capoeira, mais\u00a0aussi d\u2019autres danses, notamment la danse Bobo, la danse folklorique mandingue et la danse\u00a0contemporaine africaine, elle se pr\u00e9sente incontestablement comme l\u2019une des compagnies les plus\u00a0dynamiques parmi les compagnies de danse \u00e9mergentes.<\/p>\n<p style=\"text-align: justify;\">Elle privil\u00e9gie aussi les \u00e9changes et les collaborations artistiques avec les compagnies des\u00a0autres pays, en particulier le Maroc, la Cor\u00e9e du Sud, l\u2019Inde et la France.<\/p>\n<p style=\"text-align: justify;\"><span style=\"color: #f65b08;\"><strong>En avril 2009<\/strong><\/span>, la collaboration entre la Compagnie Tamadia et le Collectif des Artistes Marocains a donn\u00e9 lieu \u00e0 la cr\u00e9ation du spectacle \u00ab Signes et sens\u00bb, chor\u00e9graphi\u00e9 et dans\u00e9 par cinq artistes du Burkina Faso, du Niger, du S\u00e9n\u00e9gal et du Maroc.<\/p>\n<p style=\"text-align: justify;\"><span style=\"color: #f65b08;\"><strong>En juin 2009<\/strong><\/span>, Aguibou Bougobali SANOU, Directeur Artistique de la Compagnie Tamadia, participe au programme de formations artistiques \u00e0 destination des artistes d\u2019Asie, d\u2019Am\u00e9rique Latine et d\u2019Afrique d\u00e9nomm\u00e9 \u00ab Cultural Partnership Initiative \u00bb. Mis en place par le Minist\u00e8re de la Culture, des Sports et du Tourisme de la Cor\u00e9e du Sud et SIDance (Seoul International Dance Festival), le programme devra aboutir \u00e0 la cr\u00e9ation de pi\u00e8ces chor\u00e9graphiques qui seront pr\u00e9sent\u00e9es au festival SIDance en octobre 2009. En septembre 2009, Aguibou Bougobali SANOU a particip\u00e9\u00a0\u00e0 l\u2019 \u00ab\u00a0International Delphic Games \u00bb \u00e0 Jeju Island (Cor\u00e9e du Sud) dont il remporte la m\u00e9daille \u00abDelphic Laurel \u00bb\u00a0en danse d&rsquo;improvisation.<\/p>\n<p style=\"text-align: justify;\">Inspir\u00e9s des traditions culturelles burkinab\u00e8, les spectacles de la Compagnie Tamadia\u00a0int\u00e8grent all\u00e8grement les instruments traditionnels tels que le djemb\u00e9, la kora, le Tama ou tambour\u00a0d\u2019aisselle, le balafon, et le doum, pour aborder d\u2019une mani\u00e8re r\u00e9solument contemporaine les\u00a0questions touchant \u00e0 l\u2019humanit\u00e9 de fa\u00e7on g\u00e9n\u00e9rale.<\/p>\n<p style=\"text-align: justify;\"><span style=\"color: #f65b08;\"><strong>En 2007<\/strong><\/span>, Aguibou Bougobali SANOU cr\u00e9e son\u00a0premier solo intitul\u00e9 \u00ab Laada \u00bb, pr\u00e9sent\u00e9 en 2009 aux Rencontres Chor\u00e9graphiques de Ouagadougou\u00a0\u00ab Dialogues de corps \u00bb.<\/p>\n<p style=\"text-align: justify;\"><span style=\"color: #f65b08;\"><strong>En 2010<\/strong><\/span>, il\u00a0signe \u00ab\u00a0Anhumanus\u00a0\u00bb qui fut s\u00e9lectionn\u00e9 pour participer aux concours \u00ab\u00a0Danse l\u2019Afrique Danse\u00a0\u00bb \u00e0 Bamako. Deuxi\u00e8me prix de la Semaine de la Culture Bobo 2012, et choisi comme l\u2019un des 16 jeunes chor\u00e9graphes du programme FACETS, Aguibou \u00e9crit un deuxi\u00e8me solo, KOUNFETAGA en Inde. la compagnie collaborera avec des artistes du Japon, Isra\u00ebl, du Niger \u00a0S\u00e9n\u00e9gal et du Benin pour la cr\u00e9ation du spectacle \u00ab La Guerre du feu \u00bb.<\/p>\n<p style=\"text-align: justify;\"><span style=\"color: #f65b08;\"><strong>M\u00e9daill\u00e9e de Bronze aux\u00a0\u00a0jeux de la francophonie Nice 2013 dans la cat\u00e9gorie \u00ab\u00a0Danse de cr\u00e9ation\u00a0\u00bb.<\/strong><\/span><\/p>\n<p>[\/et_pb_text][\/et_pb_column][\/et_pb_row][\/et_pb_section]<\/p>\n","protected":false},"excerpt":{"rendered":"<p><div class=\"et_pb_row et_pb_row_0 et_pb_row_empty\">\n\t\t\t\t\n\t\t\t\t\n\t\t\t\t\n\t\t\t\t\n\t\t\t\t\n\t\t\t<\/div> Contrairement \u00e0 la conviction de certains \u00e9conomistes qui voient en la culture un domaine budg\u00e9tivore sans port\u00e9e r\u00e9elle dans le d\u00e9veloppement d\u2019un pays, il est difficile de d\u00e9finir un plan de\u00a0d\u00e9veloppement qui ne prendrait gu\u00e8re en compte la dimension culturelle et artistique. C\u2019est ce credo\u00a0qui constitue le fondement de la cr\u00e9ation de la Compagnie [&hellip;]<\/p>\n","protected":false},"author":1,"featured_media":0,"parent":0,"menu_order":0,"comment_status":"open","ping_status":"open","template":"","meta":{"_et_pb_use_builder":"on","_et_pb_old_content":"<p style=\"text-align: justify;\"><strong>Pr\u00e9sentation<\/strong><\/p><p style=\"text-align: justify;\">Contrairement \u00e0 la conviction de certains \u00e9conomistes qui voient en la culture un domaine budg\u00e9tivore sans port\u00e9e r\u00e9elle dans le d\u00e9veloppement d\u2019un pays, il est difficile de d\u00e9finir un plan de\u00a0d\u00e9veloppement qui ne prendrait gu\u00e8re en compte la dimension culturelle et artistique. C\u2019est ce credo\u00a0qui constitue le fondement de la cr\u00e9ation de la Compagnie Tamadia en avril 2006.<\/p><p style=\"text-align: justify;\">Bas\u00e9e \u00e0 Bobo-Dioulasso, deuxi\u00e8me ville du Burkina Faso, la compagnie rassemble quatre\u00a0artistes permanents, \u00e0 savoir Aguibou Bougobali SANOU (Danseur \/Chor\u00e9graphe), Aminata SANOU\u00a0(Danseuse\/Com\u00e9dienne), Moussa SANOU (Musicien) et Domba SANOU (Musicien), ainsi que dix\u00a0danseurs, conteurs et musiciens non permanents.<\/p><p style=\"text-align: justify;\">Premi\u00e8re compagnie au Burkina Faso \u00e0 dispenser une danse inspir\u00e9e de la Capoeira, mais\u00a0aussi d\u2019autres danses, notamment la danse Bobo, la danse folklorique mandingue et la danse\u00a0contemporaine africaine, elle se pr\u00e9sente incontestablement comme l\u2019une des compagnies les plus\u00a0dynamiques parmi les compagnies de danse \u00e9mergentes.<\/p><p style=\"text-align: justify;\">Elle privil\u00e9gie aussi les \u00e9changes et les collaborations artistiques avec les compagnies des\u00a0autres pays, en particulier le Maroc, la Cor\u00e9e du Sud, l\u2019Inde et la France.<\/p><p style=\"text-align: justify;\"><strong>En avril 2009<\/strong>, la collaboration entre la Compagnie Tamadia et le Collectif des Artistes Marocains a donn\u00e9 lieu \u00e0 la cr\u00e9ation du spectacle \u00ab Signes et sens\u00bb, chor\u00e9graphi\u00e9 et dans\u00e9 par cinq artistes du Burkina Faso, du Niger, du S\u00e9n\u00e9gal et du Maroc.<\/p><p style=\"text-align: justify;\"><strong>En juin 2009<\/strong>, Aguibou Bougobali SANOU, Directeur Artistique de la Compagnie Tamadia, participe au programme de formations artistiques \u00e0 destination des artistes d\u2019Asie, d\u2019Am\u00e9rique Latine et d\u2019Afrique d\u00e9nomm\u00e9 \u00ab Cultural Partnership Initiative \u00bb. Mis en place par le Minist\u00e8re de la Culture, des Sports et du Tourisme de la Cor\u00e9e du Sud et SIDance (Seoul International Dance Festival), le programme devra aboutir \u00e0 la cr\u00e9ation de pi\u00e8ces chor\u00e9graphiques qui seront pr\u00e9sent\u00e9es au festival SIDance en octobre 2009. En septembre 2009, Aguibou Bougobali SANOU a particip\u00e9\u00a0\u00e0 l\u2019 \u00ab\u00a0International Delphic Games \u00bb \u00e0 Jeju Island (Cor\u00e9e du Sud) dont il remporte la m\u00e9daille \u00abDelphic Laurel \u00bb\u00a0en danse d'improvisation.<\/p><p style=\"text-align: justify;\">Inspir\u00e9s des traditions culturelles burkinab\u00e8, les spectacles de la Compagnie Tamadia\u00a0int\u00e8grent all\u00e8grement les instruments traditionnels tels que le djemb\u00e9, la kora, le Tama ou tambour\u00a0d\u2019aisselle, le balafon, et le doum, pour aborder d\u2019une mani\u00e8re r\u00e9solument contemporaine les\u00a0questions touchant \u00e0 l\u2019humanit\u00e9 de fa\u00e7on g\u00e9n\u00e9rale.<\/p><p style=\"text-align: justify;\"><strong>En 2007<\/strong>, Aguibou Bougobali SANOU cr\u00e9e son\u00a0premier solo intitul\u00e9 \u00ab Laada \u00bb, pr\u00e9sent\u00e9 en 2009 aux Rencontres Chor\u00e9graphiques de Ouagadougou\u00a0\u00ab Dialogues de corps \u00bb.<\/p><p style=\"text-align: justify;\"><strong>En 2010<\/strong>, il\u00a0signe \u00ab\u00a0Anhumanus\u00a0\u00bb qui fut s\u00e9lectionn\u00e9 pour participer aux concours \u00ab\u00a0Danse l\u2019Afrique Danse\u00a0\u00bb \u00e0 Bamako. Deuxi\u00e8me prix de la Semaine de la Culture Bobo 2012, et choisi comme l\u2019un des 16 jeunes chor\u00e9graphes du programme FACETS, Aguibou \u00e9crit un deuxi\u00e8me solo, KOUNFETAGA en Inde. la compagnie collaborera avec des artistes du Japon, Isra\u00ebl, du Niger \u00a0S\u00e9n\u00e9gal et du Benin pour la cr\u00e9ation du spectacle \u00ab La Guerre du feu \u00bb.<\/p><p style=\"text-align: justify;\"><strong>M\u00e9daill\u00e9e de Bronze aux\u00a0\u00a0jeux de la francophonie Nice 2013 dans la cat\u00e9gorie \"Danse de cr\u00e9ation\".<\/strong><\/p>","_et_gb_content_width":""},"_links":{"self":[{"href":"http:\/\/tamadia.com\/index.php?rest_route=\/wp\/v2\/pages\/7"}],"collection":[{"href":"http:\/\/tamadia.com\/index.php?rest_route=\/wp\/v2\/pages"}],"about":[{"href":"http:\/\/tamadia.com\/index.php?rest_route=\/wp\/v2\/types\/page"}],"author":[{"embeddable":true,"href":"http:\/\/tamadia.com\/index.php?rest_route=\/wp\/v2\/users\/1"}],"replies":[{"embeddable":true,"href":"http:\/\/tamadia.com\/index.php?rest_route=%2Fwp%2Fv2%2Fcomments&post=7"}],"version-history":[{"count":13,"href":"http:\/\/tamadia.com\/index.php?rest_route=\/wp\/v2\/pages\/7\/revisions"}],"predecessor-version":[{"id":360,"href":"http:\/\/tamadia.com\/index.php?rest_route=\/wp\/v2\/pages\/7\/revisions\/360"}],"wp:attachment":[{"href":"http:\/\/tamadia.com\/index.php?rest_route=%2Fwp%2Fv2%2Fmedia&parent=7"}],"curies":[{"name":"wp","href":"https:\/\/api.w.org\/{rel}","templated":true}]}}