{"id":9,"date":"2015-01-05T10:13:34","date_gmt":"2015-01-05T10:13:34","guid":{"rendered":"http:\/\/tamadia.com\/?page_id=9"},"modified":"2015-01-05T10:15:54","modified_gmt":"2015-01-05T10:15:54","slug":"creations","status":"publish","type":"page","link":"http:\/\/tamadia.com\/?page_id=9","title":{"rendered":"Laada"},"content":{"rendered":"<p>Un solo, un cocktail de conte, de danse et de musique pour tout public cr\u00e9\u00e9 et jou\u00e9 en Afrique (Burkina Faso, Maroc, Mali\u2026)<\/p>\n","protected":false},"excerpt":{"rendered":"<p>Un solo, un cocktail de conte, de danse et de musique pour tout public cr\u00e9\u00e9 et jou\u00e9 en Afrique (Burkina Faso, Maroc, Mali\u2026)<\/p>\n","protected":false},"author":1,"featured_media":0,"parent":12,"menu_order":0,"comment_status":"open","ping_status":"closed","template":"","meta":{"_et_pb_use_builder":"","_et_pb_old_content":"","_et_gb_content_width":""},"_links":{"self":[{"href":"http:\/\/tamadia.com\/index.php?rest_route=\/wp\/v2\/pages\/9"}],"collection":[{"href":"http:\/\/tamadia.com\/index.php?rest_route=\/wp\/v2\/pages"}],"about":[{"href":"http:\/\/tamadia.com\/index.php?rest_route=\/wp\/v2\/types\/page"}],"author":[{"embeddable":true,"href":"http:\/\/tamadia.com\/index.php?rest_route=\/wp\/v2\/users\/1"}],"replies":[{"embeddable":true,"href":"http:\/\/tamadia.com\/index.php?rest_route=%2Fwp%2Fv2%2Fcomments&post=9"}],"version-history":[{"count":2,"href":"http:\/\/tamadia.com\/index.php?rest_route=\/wp\/v2\/pages\/9\/revisions"}],"predecessor-version":[{"id":11,"href":"http:\/\/tamadia.com\/index.php?rest_route=\/wp\/v2\/pages\/9\/revisions\/11"}],"up":[{"embeddable":true,"href":"http:\/\/tamadia.com\/index.php?rest_route=\/wp\/v2\/pages\/12"}],"wp:attachment":[{"href":"http:\/\/tamadia.com\/index.php?rest_route=%2Fwp%2Fv2%2Fmedia&parent=9"}],"curies":[{"name":"wp","href":"https:\/\/api.w.org\/{rel}","templated":true}]}}